{"id":421,"date":"2016-10-25T10:40:32","date_gmt":"2016-10-25T08:40:32","guid":{"rendered":"http:\/\/epic-jerks.de\/wordpress\/?page_id=421"},"modified":"2024-09-09T05:07:09","modified_gmt":"2024-09-09T03:07:09","slug":"kleiderkammer","status":"publish","type":"page","link":"https:\/\/www.drk-schwelm.org\/?page_id=421","title":{"rendered":"Kleiderkammer"},"content":{"rendered":"<div id=\"pl-421\" class=\"panel-layout\">\n<div id=\"pg-421-0\" class=\"panel-grid panel-no-style\" data-style=\"{&quot;background_image_attachment&quot;:false,&quot;background_display&quot;:&quot;tile&quot;,&quot;cell_alignment&quot;:&quot;flex-start&quot;}\" data-ratio=\"1\" data-ratio-direction=\"right\">\n<div id=\"pgc-421-0-0\" class=\"panel-grid-cell\" data-weight=\"1\">\n<div id=\"panel-421-0-0-0\" class=\"so-panel widget widget_sow-editor panel-first-child panel-last-child\" data-index=\"0\" data-style=\"{&quot;background_display&quot;:&quot;tile&quot;}\">\n<div class=\"so-widget-sow-editor so-widget-sow-editor-base\">\n<h3 style=\"text-align: center;\">\u00a0<\/h3>\n<div class=\"siteorigin-widget-tinymce textwidget\">Die Kleiderkammer unseres Ortsvereins versorgt Menschen mit gut erhaltener Kleidung und Schuhen sowie anderen Haushaltsartikeln. Die Kleidungsst\u00fccke werden kostenlos an Bed\u00fcrftige abgegeben. Das Rote Kreuz verwendet dazu haupts\u00e4chlich Kleiderspenden der Bev\u00f6lkerung, manchmal auch \u00dcberproduktionen oder leicht fehlerhafte Artikel der Industrie.<\/div>\n<\/div>\n<\/div>\n<\/div>\n<\/div>\n<\/div>\n\n\n<div class=\"wp-block-columns has-2-columns is-layout-flex wp-container-core-columns-is-layout-9d6595d7 wp-block-columns-is-layout-flex\">\n<div class=\"wp-block-column is-layout-flow wp-block-column-is-layout-flow\">\n<h4 class=\"wp-block-heading\">Wer erh\u00e4lt Kleidung beim DRK?<\/h4>\n\n\n\n<ul class=\"wp-block-list\">\n<li>Sozialhilfeempf\u00e4nger<\/li>\n\n\n\n<li>Nichtsesshafte<\/li>\n\n\n\n<li>Asylanten<\/li>\n\n\n\n<li>Menschen in akuten Notlagen<\/li>\n<\/ul>\n<\/div>\n\n\n\n<div class=\"wp-block-column is-layout-flow wp-block-column-is-layout-flow\">\n<h4 class=\"wp-block-heading\">Was kann man bekommen?<\/h4>\n\n\n\n<ul class=\"wp-block-list\">\n<li>gut erhaltene Jacken und M\u00e4ntel<\/li>\n\n\n\n<li>gut erhaltene Kleider, Hosen, Pullover und Shirts<\/li>\n\n\n\n<li>gut erhaltene Schuhe und Stiefel f\u00fcr den Sommer und Winter<\/li>\n\n\n\n<li>W\u00e4sche, Bettzeug, Decken, Schuhe<\/li>\n<\/ul>\n<\/div>\n<\/div>\n\n\n<div class=\"wp-block-image\">\n<figure class=\"aligncenter\"><img loading=\"lazy\" decoding=\"async\" width=\"723\" height=\"482\" src=\"http:\/\/www.drk-schwelm.org\/wp-content\/uploads\/2017\/12\/kl1.jpg\" alt=\"\" class=\"wp-image-1355\" srcset=\"https:\/\/www.drk-schwelm.org\/wp-content\/uploads\/2017\/12\/kl1.jpg 723w, https:\/\/www.drk-schwelm.org\/wp-content\/uploads\/2017\/12\/kl1-300x200.jpg 300w, https:\/\/www.drk-schwelm.org\/wp-content\/uploads\/2017\/12\/kl1-272x182.jpg 272w\" sizes=\"auto, (max-width: 723px) 100vw, 723px\" \/><\/figure>\n<\/div>","protected":false},"excerpt":{"rendered":"<p>\u00a0 Die Kleiderkammer unseres Ortsvereins versorgt Menschen mit gut erhaltener Kleidung und Schuhen sowie anderen Haushaltsartikeln. Die Kleidungsst\u00fccke werden kostenlos<\/p>\n","protected":false},"author":1,"featured_media":0,"parent":0,"menu_order":0,"comment_status":"closed","ping_status":"closed","template":"","meta":{"footnotes":""},"class_list":["post-421","page","type-page","status-publish","hentry","comments-off"],"_links":{"self":[{"href":"https:\/\/www.drk-schwelm.org\/index.php?rest_route=\/wp\/v2\/pages\/421","targetHints":{"allow":["GET"]}}],"collection":[{"href":"https:\/\/www.drk-schwelm.org\/index.php?rest_route=\/wp\/v2\/pages"}],"about":[{"href":"https:\/\/www.drk-schwelm.org\/index.php?rest_route=\/wp\/v2\/types\/page"}],"author":[{"embeddable":true,"href":"https:\/\/www.drk-schwelm.org\/index.php?rest_route=\/wp\/v2\/users\/1"}],"replies":[{"embeddable":true,"href":"https:\/\/www.drk-schwelm.org\/index.php?rest_route=%2Fwp%2Fv2%2Fcomments&post=421"}],"version-history":[{"count":4,"href":"https:\/\/www.drk-schwelm.org\/index.php?rest_route=\/wp\/v2\/pages\/421\/revisions"}],"predecessor-version":[{"id":11229,"href":"https:\/\/www.drk-schwelm.org\/index.php?rest_route=\/wp\/v2\/pages\/421\/revisions\/11229"}],"wp:attachment":[{"href":"https:\/\/www.drk-schwelm.org\/index.php?rest_route=%2Fwp%2Fv2%2Fmedia&parent=421"}],"curies":[{"name":"wp","href":"https:\/\/api.w.org\/{rel}","templated":true}]}}