{"id":414,"date":"2016-10-25T10:40:00","date_gmt":"2016-10-25T08:40:00","guid":{"rendered":"http:\/\/epic-jerks.de\/wordpress\/?page_id=414"},"modified":"2016-10-25T10:40:00","modified_gmt":"2016-10-25T08:40:00","slug":"erweiterter-rettungsdienst-2","status":"publish","type":"page","link":"https:\/\/www.drk-schwelm.org\/?page_id=414","title":{"rendered":"Erweiterter Rettungsdienst"},"content":{"rendered":"<div id=\"pl-414\"  class=\"panel-layout\" >\n<div id=\"pg-414-0\"  class=\"panel-grid panel-no-style\"  data-style=\"{&quot;background_display&quot;:&quot;tile&quot;,&quot;cell_alignment&quot;:&quot;flex-start&quot;}\"  data-ratio=\"1\"  data-ratio-direction=\"right\" >\n<div id=\"pgc-414-0-0\"  class=\"panel-grid-cell\"  data-weight=\"0.44160411540578\" >\n<div id=\"panel-414-0-0-0\" class=\"so-panel widget widget_sow-editor panel-first-child panel-last-child\" data-index=\"0\" data-style=\"{&quot;background_display&quot;:&quot;tile&quot;}\" >\n<div class=\"so-widget-sow-editor so-widget-sow-editor-base\">\n<div class=\"siteorigin-widget-tinymce textwidget\">\n<p>Das DRK-Team Schwelm besetzt auf Anforderung des Ennepe-Ruhr-Kreises als Tr\u00e4ger des Rettungsdienstes je nach Lage im Rahmen des &#8222;Erweiterten Rettungsdienstes&#8220;\u00a0 bis zu 2 Rettungswagen und bis zu 3 weitere Krankenwagen in k\u00fcrzester Zeit zus\u00e4tzlich zum Regelrettungsdienstdienst.<\/p>\n<p>Bei den Einsatzkr\u00e4ften handelt es sich um ehrenamtlich t\u00e4tige Einsatzkr\u00e4fte und aus der Freizeit heraus mitwirkende hauptamtliche Kr\u00e4fte.<\/p>\n<p>Der Einsatz erfolgt im gesamten Kreisgebiet bei gr\u00f6\u00dferen Schadenslagen oder bei \u00fcberm\u00e4\u00dfigem Einsatzaufkommen zur Spitzenabdeckung. Zus\u00e4tzlich wird im Rahmen der \u00fcber\u00f6rtlichen Hilfe in NRW mit diesen Fahrzeugen der Personentransportzug (PTZ10) oder der\u00a0 Behandlungsplatz (BHP50) bei Eins\u00e4tzen unterst\u00fctzt.<\/p>\n<\/div>\n<\/div>\n<\/div>\n<\/div>\n<div id=\"pgc-414-0-1\"  class=\"panel-grid-cell panel-grid-cell-empty panel-grid-cell-mobile-last\"  data-weight=\"0.32643712170762\" ><\/div>\n<div id=\"pgc-414-0-2\"  class=\"panel-grid-cell panel-grid-cell-empty\"  data-style=\"{&quot;background_display&quot;:&quot;tile&quot;,&quot;vertical_alignment&quot;:&quot;auto&quot;}\"  data-weight=\"0.2319587628866\" ><\/div>\n<\/div>\n<\/div>\n","protected":false},"excerpt":{"rendered":"<p>Das DRK-Team Schwelm besetzt auf Anforderung des Ennepe-Ruhr-Kreises als Tr\u00e4ger des Rettungsdienstes je nach Lage im Rahmen des &#8222;Erweiterten Rettungsdienstes&#8220;\u00a0<\/p>\n","protected":false},"author":1,"featured_media":0,"parent":0,"menu_order":0,"comment_status":"closed","ping_status":"closed","template":"","meta":{"footnotes":""},"class_list":["post-414","page","type-page","status-publish","hentry","comments-off"],"_links":{"self":[{"href":"https:\/\/www.drk-schwelm.org\/index.php?rest_route=\/wp\/v2\/pages\/414","targetHints":{"allow":["GET"]}}],"collection":[{"href":"https:\/\/www.drk-schwelm.org\/index.php?rest_route=\/wp\/v2\/pages"}],"about":[{"href":"https:\/\/www.drk-schwelm.org\/index.php?rest_route=\/wp\/v2\/types\/page"}],"author":[{"embeddable":true,"href":"https:\/\/www.drk-schwelm.org\/index.php?rest_route=\/wp\/v2\/users\/1"}],"replies":[{"embeddable":true,"href":"https:\/\/www.drk-schwelm.org\/index.php?rest_route=%2Fwp%2Fv2%2Fcomments&post=414"}],"version-history":[{"count":0,"href":"https:\/\/www.drk-schwelm.org\/index.php?rest_route=\/wp\/v2\/pages\/414\/revisions"}],"wp:attachment":[{"href":"https:\/\/www.drk-schwelm.org\/index.php?rest_route=%2Fwp%2Fv2%2Fmedia&parent=414"}],"curies":[{"name":"wp","href":"https:\/\/api.w.org\/{rel}","templated":true}]}}