{"id":307,"date":"2016-10-24T21:41:18","date_gmt":"2016-10-24T19:41:18","guid":{"rendered":"http:\/\/epic-jerks.de\/wordpress\/?page_id=307"},"modified":"2024-03-26T09:32:26","modified_gmt":"2024-03-26T08:32:26","slug":"blutspende-2","status":"publish","type":"page","link":"https:\/\/www.drk-schwelm.org\/?page_id=307","title":{"rendered":"Blutspende"},"content":{"rendered":"\n\t\t\t\t\n<div class=\"wp-block-image\"><figure class=\"aligncenter\"><img loading=\"lazy\" decoding=\"async\" width=\"255\" height=\"170\" src=\"http:\/\/www.drk-schwelm.org\/wp-content\/uploads\/2016\/10\/Blutspende.jpg\" alt=\"\" class=\"wp-image-243\"\/><\/figure><\/div>\n\n\n<div id=\"pl-307\" class=\"panel-layout\">\n<div id=\"pg-307-0\" class=\"panel-grid panel-no-style\" data-style=\"{&quot;background_image_attachment&quot;:false,&quot;background_display&quot;:&quot;tile&quot;,&quot;cell_alignment&quot;:&quot;flex-start&quot;}\" data-ratio=\"1\" data-ratio-direction=\"right\">\n<div id=\"pgc-307-0-0\" class=\"panel-grid-cell\" data-weight=\"0.5\">\n<div id=\"panel-307-0-0-0\" class=\"so-panel widget widget_sow-editor panel-first-child panel-last-child\" data-index=\"0\" data-style=\"{&quot;background_display&quot;:&quot;tile&quot;}\">\n<div class=\"so-widget-sow-editor so-widget-sow-editor-base\">\n<div class=\"siteorigin-widget-tinymce textwidget\">\n<p><strong>Blut geh\u00f6rt zu den wertvollsten Dingen, die ein Mensch geben kann. Bis heute ist es nicht gelungen, k\u00fcnstliches Blut herzustellen, um Leben zu retten. Sobald Menschen durch einen Unfall oder einen operativen Eingriff Blut verlieren, sind sie auf das Blut von Spendern angewiesen.<\/strong><\/p>\n<p>Sieben regional t\u00e4tige Blutspendedienste des Deutschen Roten Kreuzes sind verantwortlich f\u00fcr die fl\u00e4chendeckende, umfassende Versorgung der Patienten in der Bundesrepublik Deutschland mit Blutpr\u00e4paraten &#8211; <strong>rund um die Uhr, an 365 Tagen im Jahr.<\/strong><\/p>\n<p>Mit Ihrer Blutspende helfen Sie Verletzten nach gro\u00dfen Blutverlusten. Vorwiegend aber kommen Ihre Blutspenden schwer erkrankten Menschen zu Gute, die aufgrund von Bluterkrankungen, Blutarmut oder Therapien, die das Blutbild stark beeinflussen, einen gro\u00dfen Bedarf besitzen<\/p>\n<\/div>\n<\/div>\n<\/div>\n<\/div>\n<\/div>\n<\/div>\t\t","protected":false},"excerpt":{"rendered":"<p>Blut geh\u00f6rt zu den wertvollsten Dingen, die ein Mensch geben kann. Bis heute ist es nicht gelungen, k\u00fcnstliches Blut herzustellen,<\/p>\n","protected":false},"author":1,"featured_media":0,"parent":0,"menu_order":0,"comment_status":"closed","ping_status":"closed","template":"","meta":{"footnotes":""},"class_list":["post-307","page","type-page","status-publish","hentry","comments-off"],"_links":{"self":[{"href":"https:\/\/www.drk-schwelm.org\/index.php?rest_route=\/wp\/v2\/pages\/307","targetHints":{"allow":["GET"]}}],"collection":[{"href":"https:\/\/www.drk-schwelm.org\/index.php?rest_route=\/wp\/v2\/pages"}],"about":[{"href":"https:\/\/www.drk-schwelm.org\/index.php?rest_route=\/wp\/v2\/types\/page"}],"author":[{"embeddable":true,"href":"https:\/\/www.drk-schwelm.org\/index.php?rest_route=\/wp\/v2\/users\/1"}],"replies":[{"embeddable":true,"href":"https:\/\/www.drk-schwelm.org\/index.php?rest_route=%2Fwp%2Fv2%2Fcomments&post=307"}],"version-history":[{"count":1,"href":"https:\/\/www.drk-schwelm.org\/index.php?rest_route=\/wp\/v2\/pages\/307\/revisions"}],"predecessor-version":[{"id":11142,"href":"https:\/\/www.drk-schwelm.org\/index.php?rest_route=\/wp\/v2\/pages\/307\/revisions\/11142"}],"wp:attachment":[{"href":"https:\/\/www.drk-schwelm.org\/index.php?rest_route=%2Fwp%2Fv2%2Fmedia&parent=307"}],"curies":[{"name":"wp","href":"https:\/\/api.w.org\/{rel}","templated":true}]}}