{"id":250,"date":"2016-10-24T15:10:00","date_gmt":"2016-10-24T13:10:00","guid":{"rendered":"http:\/\/epic-jerks.de\/wordpress\/?page_id=250"},"modified":"2024-09-04T14:37:36","modified_gmt":"2024-09-04T12:37:36","slug":"ortsverein","status":"publish","type":"page","link":"https:\/\/www.drk-schwelm.org\/?page_id=250","title":{"rendered":"Ortsverein"},"content":{"rendered":"<div id=\"pl-250\"  class=\"panel-layout\" ><div id=\"pg-250-0\"  class=\"panel-grid panel-no-style\" ><div id=\"pgc-250-0-0\"  class=\"panel-grid-cell\" ><div id=\"panel-250-0-0-0\" class=\"so-panel widget widget_sow-image panel-first-child\" data-index=\"0\" ><div\n\t\t\t\n\t\t\tclass=\"so-widget-sow-image so-widget-sow-image-default-8b5b6f678277-250\"\n\t\t\t\n\t\t><h3 class=\"widget-title\">Gesch\u00e4ftsstelle<\/h3>\n<div class=\"sow-image-container\">\n\t\t\t<a href=\"https:\/\/www.drk-schwelm.org\/?page_id=351\"\n\t\t\t\t\t>\n\t\t\t<img \n\tsrc=\"https:\/\/www.drk-schwelm.org\/wp-content\/uploads\/2016\/10\/Gesch\u00e4ftsstelle.jpg\" width=\"255\" height=\"170\" sizes=\"(max-width: 255px) 100vw, 255px\" title=\"Gesch\u00e4ftsstelle\" alt=\"\" \t\tclass=\"so-widget-image\"\/>\n\t\t\t<\/a><\/div>\n\n<\/div><\/div><div id=\"panel-250-0-0-1\" class=\"so-panel widget widget_sow-image\" data-index=\"1\" ><div\n\t\t\t\n\t\t\tclass=\"so-widget-sow-image so-widget-sow-image-default-8b5b6f678277-250\"\n\t\t\t\n\t\t><h3 class=\"widget-title\">Grunds\u00e4tze<\/h3>\n<div class=\"sow-image-container\">\n\t\t\t<a href=\"https:\/\/www.drk-schwelm.org\/?page_id=360\"\n\t\t\t\t\t>\n\t\t\t<img \n\tsrc=\"https:\/\/www.drk-schwelm.org\/wp-content\/uploads\/2016\/10\/Grunds\u00e4tze.jpg\" width=\"255\" height=\"170\" sizes=\"(max-width: 255px) 100vw, 255px\" title=\"Grunds\u00e4tze\" alt=\"\" \t\tclass=\"so-widget-image\"\/>\n\t\t\t<\/a><\/div>\n\n<\/div><\/div><div id=\"panel-250-0-0-2\" class=\"so-panel widget widget_sow-image panel-last-child\" data-index=\"2\" ><div\n\t\t\t\n\t\t\tclass=\"so-widget-sow-image so-widget-sow-image-default-8b5b6f678277-250\"\n\t\t\t\n\t\t><h3 class=\"widget-title\">Sanit\u00e4tsdienst<\/h3>\n<div class=\"sow-image-container\">\n\t\t\t<a href=\"\"\n\t\t\t\t\t>\n\t\t\t<img \n\tsrc=\"https:\/\/www.drk-schwelm.org\/wp-content\/uploads\/2016\/10\/Sanit\u00e4tsdienst.jpg\" width=\"255\" height=\"170\" sizes=\"(max-width: 255px) 100vw, 255px\" title=\"Sanit\u00e4tsdienst\" alt=\"\" \t\tclass=\"so-widget-image\"\/>\n\t\t\t<\/a><\/div>\n\n<\/div><\/div><\/div><div id=\"pgc-250-0-1\"  class=\"panel-grid-cell\" ><div id=\"panel-250-0-1-0\" class=\"so-panel widget widget_sow-image panel-first-child\" data-index=\"3\" ><div\n\t\t\t\n\t\t\tclass=\"so-widget-sow-image so-widget-sow-image-default-8b5b6f678277-250\"\n\t\t\t\n\t\t><h3 class=\"widget-title\">Vorstand<\/h3>\n<div class=\"sow-image-container\">\n\t\t\t<a href=\"https:\/\/www.drk-schwelm.org\/?page_id=11199\"\n\t\t\t\t\t>\n\t\t\t<img \n\tsrc=\"https:\/\/www.drk-schwelm.org\/wp-content\/uploads\/2016\/10\/Vorstand1.jpg\" width=\"255\" height=\"170\" sizes=\"(max-width: 255px) 100vw, 255px\" title=\"Vorstand\" alt=\"\" \t\tclass=\"so-widget-image\"\/>\n\t\t\t<\/a><\/div>\n\n<\/div><\/div><div id=\"panel-250-0-1-1\" class=\"so-panel widget widget_sow-image panel-last-child\" data-index=\"4\" ><div\n\t\t\t\n\t\t\tclass=\"so-widget-sow-image so-widget-sow-image-default-8b5b6f678277-250\"\n\t\t\t\n\t\t><h3 class=\"widget-title\">Gemeinschaft<\/h3>\n<div class=\"sow-image-container\">\n\t\t\t<a href=\"https:\/\/www.drk-schwelm.org\/?page_id=363\"\n\t\t\t\t\t>\n\t\t\t<img \n\tsrc=\"https:\/\/www.drk-schwelm.org\/wp-content\/uploads\/2016\/10\/Gemeinschaft.jpg\" width=\"255\" height=\"170\" sizes=\"(max-width: 255px) 100vw, 255px\" title=\"Gemeinschaft\" alt=\"\" \t\tclass=\"so-widget-image\"\/>\n\t\t\t<\/a><\/div>\n\n<\/div><\/div><\/div><div id=\"pgc-250-0-2\"  class=\"panel-grid-cell\" ><div id=\"panel-250-0-2-0\" class=\"so-panel widget widget_sow-image panel-first-child\" data-index=\"5\" ><div\n\t\t\t\n\t\t\tclass=\"so-widget-sow-image so-widget-sow-image-default-8b5b6f678277-250\"\n\t\t\t\n\t\t><h3 class=\"widget-title\">Satzung<\/h3>\n<div class=\"sow-image-container\">\n\t\t\t<a href=\"https:\/\/www.drk-schwelm.org\/?page_id=351\"\n\t\t\t\t\t>\n\t\t\t<img \n\tsrc=\"https:\/\/www.drk-schwelm.org\/wp-content\/uploads\/2019\/04\/Satzung.jpg\" width=\"300\" height=\"190\" sizes=\"(max-width: 300px) 100vw, 300px\" title=\"Satzung\" alt=\"\" \t\tclass=\"so-widget-image\"\/>\n\t\t\t<\/a><\/div>\n\n<\/div><\/div><div id=\"panel-250-0-2-1\" class=\"so-panel widget widget_sow-image panel-last-child\" data-index=\"6\" ><div\n\t\t\t\n\t\t\tclass=\"so-widget-sow-image so-widget-sow-image-default-8b5b6f678277-250\"\n\t\t\t\n\t\t><h3 class=\"widget-title\">Katastrophenschutz<\/h3>\n<div class=\"sow-image-container\">\n\t\t\t<a href=\"https:\/\/www.drk-schwelm.org\/?page_id=482\"\n\t\t\t\t\t>\n\t\t\t<img \n\tsrc=\"https:\/\/www.drk-schwelm.org\/wp-content\/uploads\/2016\/10\/Katastrophenschutz.jpg\" width=\"255\" height=\"170\" sizes=\"(max-width: 255px) 100vw, 255px\" title=\"Katastrophenschutz\" alt=\"\" \t\tclass=\"so-widget-image\"\/>\n\t\t\t<\/a><\/div>\n\n<\/div><\/div><\/div><\/div><\/div>","protected":false},"excerpt":{"rendered":"<p>Gesch\u00e4ftsstelle Grunds\u00e4tze Sanit\u00e4tsdienst Vorstand Gemeinschaft Satzung Katastrophenschutz<\/p>\n","protected":false},"author":1,"featured_media":0,"parent":0,"menu_order":0,"comment_status":"closed","ping_status":"closed","template":"","meta":{"footnotes":""},"class_list":["post-250","page","type-page","status-publish","hentry","comments-off"],"_links":{"self":[{"href":"https:\/\/www.drk-schwelm.org\/index.php?rest_route=\/wp\/v2\/pages\/250","targetHints":{"allow":["GET"]}}],"collection":[{"href":"https:\/\/www.drk-schwelm.org\/index.php?rest_route=\/wp\/v2\/pages"}],"about":[{"href":"https:\/\/www.drk-schwelm.org\/index.php?rest_route=\/wp\/v2\/types\/page"}],"author":[{"embeddable":true,"href":"https:\/\/www.drk-schwelm.org\/index.php?rest_route=\/wp\/v2\/users\/1"}],"replies":[{"embeddable":true,"href":"https:\/\/www.drk-schwelm.org\/index.php?rest_route=%2Fwp%2Fv2%2Fcomments&post=250"}],"version-history":[{"count":4,"href":"https:\/\/www.drk-schwelm.org\/index.php?rest_route=\/wp\/v2\/pages\/250\/revisions"}],"predecessor-version":[{"id":11227,"href":"https:\/\/www.drk-schwelm.org\/index.php?rest_route=\/wp\/v2\/pages\/250\/revisions\/11227"}],"wp:attachment":[{"href":"https:\/\/www.drk-schwelm.org\/index.php?rest_route=%2Fwp%2Fv2%2Fmedia&parent=250"}],"curies":[{"name":"wp","href":"https:\/\/api.w.org\/{rel}","templated":true}]}}