{"id":10493,"date":"2019-05-28T12:16:08","date_gmt":"2019-05-28T10:16:08","guid":{"rendered":"http:\/\/www.drk-schwelm.org\/?page_id=10493"},"modified":"2020-09-03T13:34:09","modified_gmt":"2020-09-03T11:34:09","slug":"hausnotruf","status":"publish","type":"page","link":"https:\/\/www.drk-schwelm.org\/?page_id=10493","title":{"rendered":"Hausnotruf"},"content":{"rendered":"\n<h2 class=\"wp-block-heading\"> <strong>SEIT DEM 01.07.2019 IN SCHWELM UND EN<\/strong>NEPETAL<\/h2>\n\n\n\n<p><\/p>\n\n\n\n<div class=\"wp-block-columns has-2-columns is-layout-flex wp-container-core-columns-is-layout-9d6595d7 wp-block-columns-is-layout-flex\">\n<div class=\"wp-block-column is-layout-flow wp-block-column-is-layout-flow\">\n<p> Was wir Ihnen bieten k\u00f6nnen <\/p>\n\n\n\n<ul class=\"wp-block-list\"><li>Sicherheit und Geborgenheit in den eigenen W\u00e4nden, so lange wie m\u00f6glich<\/li><li>Die Selbst\u00e4ndigkeit bleibt bewahrt<\/li><li>24 Stunden am Tag, 7 Tage die Woche, 365 Tage im Jahr, einen pers\u00f6nlichen und fachkundigen Ansprechpartner<\/li><li>Pflegende Angeh\u00f6rige werden entlastet<\/li><li>Ortsnaher 24-Stunden-Bereitschaftsdienst<\/li><li>Sichere Schl\u00fcsselaufbewahrung im Tresor<\/li><\/ul>\n\n\n\n<figure class=\"wp-block-image\"><img loading=\"lazy\" decoding=\"async\" width=\"1024\" height=\"612\" src=\"https:\/\/www.drk-schwelm.org\/wp-content\/uploads\/2019\/05\/foto1-1024x612.jpg\" alt=\"\" class=\"wp-image-10496\" srcset=\"https:\/\/www.drk-schwelm.org\/wp-content\/uploads\/2019\/05\/foto1-1024x612.jpg 1024w, https:\/\/www.drk-schwelm.org\/wp-content\/uploads\/2019\/05\/foto1-300x179.jpg 300w, https:\/\/www.drk-schwelm.org\/wp-content\/uploads\/2019\/05\/foto1-768x459.jpg 768w\" sizes=\"auto, (max-width: 1024px) 100vw, 1024px\" \/><\/figure>\n<\/div>\n\n\n\n<div class=\"wp-block-column is-layout-flow wp-block-column-is-layout-flow\">\n<figure class=\"wp-block-image is-resized\"><img loading=\"lazy\" decoding=\"async\" src=\"https:\/\/www.drk-schwelm.org\/wp-content\/uploads\/2019\/05\/logo-hnr.jpg\" alt=\"\" class=\"wp-image-10494\" width=\"321\" height=\"306\" srcset=\"https:\/\/www.drk-schwelm.org\/wp-content\/uploads\/2019\/05\/logo-hnr.jpg 814w, https:\/\/www.drk-schwelm.org\/wp-content\/uploads\/2019\/05\/logo-hnr-300x286.jpg 300w, https:\/\/www.drk-schwelm.org\/wp-content\/uploads\/2019\/05\/logo-hnr-768x731.jpg 768w\" sizes=\"auto, (max-width: 321px) 100vw, 321px\" \/><\/figure>\n\n\n\n<ul class=\"wp-block-list\"><li>Ausgebildetes Personal<br>Rasche Installation des Hausnotrufes (keine Anschlussgeb\u00fchr)<\/li><li>Kosten\u00fcbernahme durch Pflegekassse(Antragstellung \u00fcbernehmen wir f\u00fcr Sie)<\/li><li>Einfache Kostenstruktur<\/li><li>Ein fester pers\u00f6nlicher Ansprechpartner<\/li><li>Alle Eins\u00e4tze des Bereitschaftsdienstes sind im Grundpreis enthalten<\/li><li>Auf Wunsch Tagestastenfunktion kostenlos<br>Automatischer Kontrollruf (t\u00e4glich)<\/li><li>Schnelle Hilfe bei technischen Problemen <\/li><\/ul>\n<\/div>\n<\/div>\n\n\n\n<div class=\"wp-block-columns has-2-columns is-layout-flex wp-container-core-columns-is-layout-9d6595d7 wp-block-columns-is-layout-flex\">\n<div class=\"wp-block-column is-layout-flow wp-block-column-is-layout-flow\">\n<h2 class=\"wp-block-heading\">Mit dem Hausnotrufdienst des DRK sind Sie nie allein<\/h2>\n\n\n\n<p>Sie m\u00f6chten sicher in Ihrer h\u00e4uslichen Umgebung wohnen &#8211; trotz Alter, Krankheit oder Behinderung? Ihr Familienangeh\u00f6riger soll auch w\u00e4hrend Ihrer Abwesenheit, z.B. w\u00e4hrend des Urlaubs, zuverl\u00e4ssig und optimal betreut werden?<\/p>\n\n\n\n<p>Das DRK bietet Ihnen mit dem Hausnotrufdienst in Ihren eigenen vier W\u00e4nden Sicherheit und Service, rund um die Uhr.<\/p>\n<\/div>\n\n\n\n<div class=\"wp-block-column is-layout-flow wp-block-column-is-layout-flow\">\n<figure class=\"wp-block-image is-resized\"><img loading=\"lazy\" decoding=\"async\" src=\"https:\/\/www.drk-schwelm.org\/wp-content\/uploads\/2019\/05\/hnr4.jpg\" alt=\"\" class=\"wp-image-10502\" width=\"441\" height=\"306\" srcset=\"https:\/\/www.drk-schwelm.org\/wp-content\/uploads\/2019\/05\/hnr4.jpg 495w, https:\/\/www.drk-schwelm.org\/wp-content\/uploads\/2019\/05\/hnr4-300x208.jpg 300w\" sizes=\"auto, (max-width: 441px) 100vw, 441px\" \/><\/figure>\n<\/div>\n<\/div>\n\n\n\n<div class=\"wp-block-image\"><figure class=\"aligncenter\"><img loading=\"lazy\" decoding=\"async\" width=\"265\" height=\"110\" src=\"https:\/\/www.drk-schwelm.org\/wp-content\/uploads\/2019\/05\/hnrnummer.png\" alt=\"\" class=\"wp-image-10504\"\/><\/figure><\/div>\n","protected":false},"excerpt":{"rendered":"<p>SEIT DEM 01.07.2019 IN SCHWELM UND ENNEPETAL Was wir Ihnen bieten k\u00f6nnen Sicherheit und Geborgenheit in den eigenen W\u00e4nden, so<\/p>\n","protected":false},"author":1,"featured_media":0,"parent":0,"menu_order":0,"comment_status":"closed","ping_status":"closed","template":"","meta":{"footnotes":""},"class_list":["post-10493","page","type-page","status-publish","hentry","comments-off"],"_links":{"self":[{"href":"https:\/\/www.drk-schwelm.org\/index.php?rest_route=\/wp\/v2\/pages\/10493","targetHints":{"allow":["GET"]}}],"collection":[{"href":"https:\/\/www.drk-schwelm.org\/index.php?rest_route=\/wp\/v2\/pages"}],"about":[{"href":"https:\/\/www.drk-schwelm.org\/index.php?rest_route=\/wp\/v2\/types\/page"}],"author":[{"embeddable":true,"href":"https:\/\/www.drk-schwelm.org\/index.php?rest_route=\/wp\/v2\/users\/1"}],"replies":[{"embeddable":true,"href":"https:\/\/www.drk-schwelm.org\/index.php?rest_route=%2Fwp%2Fv2%2Fcomments&post=10493"}],"version-history":[{"count":10,"href":"https:\/\/www.drk-schwelm.org\/index.php?rest_route=\/wp\/v2\/pages\/10493\/revisions"}],"predecessor-version":[{"id":10816,"href":"https:\/\/www.drk-schwelm.org\/index.php?rest_route=\/wp\/v2\/pages\/10493\/revisions\/10816"}],"wp:attachment":[{"href":"https:\/\/www.drk-schwelm.org\/index.php?rest_route=%2Fwp%2Fv2%2Fmedia&parent=10493"}],"curies":[{"name":"wp","href":"https:\/\/api.w.org\/{rel}","templated":true}]}}